{"id":3199,"date":"2024-04-18T10:01:15","date_gmt":"2024-04-18T10:01:15","guid":{"rendered":"https:\/\/bolschare.com\/declaracao-de-principios-empresariais\/"},"modified":"2024-04-18T10:01:15","modified_gmt":"2024-04-18T10:01:15","slug":"declaracao-de-principios-empresariais","status":"publish","type":"page","link":"https:\/\/bolschare.com\/pt-pt\/declaracao-de-principios-empresariais\/","title":{"rendered":"Declara\u00e7\u00e3o de princ\u00edpios empresariais"},"content":{"rendered":"","protected":false},"excerpt":{"rendered":"","protected":false},"author":3,"featured_media":0,"parent":0,"menu_order":0,"comment_status":"closed","ping_status":"closed","template":"","meta":{"footnotes":""},"class_list":["post-3199","page","type-page","status-publish","hentry"],"yoast_head":"<!-- This site is optimized with the Yoast SEO plugin v26.6 - https:\/\/yoast.com\/wordpress\/plugins\/seo\/ -->\n<title>Declara\u00e7\u00e3o de princ\u00edpios empresariais - Bolschare Agriculture<\/title>\n<meta name=\"robots\" content=\"index, follow, max-snippet:-1, max-image-preview:large, max-video-preview:-1\" \/>\n<link rel=\"canonical\" href=\"https:\/\/bolschare.com\/pt-pt\/declaracao-de-principios-empresariais\/\" \/>\n<meta property=\"og:locale\" content=\"pt_PT\" \/>\n<meta property=\"og:type\" content=\"article\" \/>\n<meta property=\"og:title\" content=\"Declara\u00e7\u00e3o de princ\u00edpios empresariais - Bolschare Agriculture\" \/>\n<meta property=\"og:url\" content=\"https:\/\/bolschare.com\/pt-pt\/declaracao-de-principios-empresariais\/\" \/>\n<meta property=\"og:site_name\" content=\"Bolschare Agriculture\" \/>\n<meta name=\"twitter:card\" content=\"summary_large_image\" \/>\n<script type=\"application\/ld+json\" class=\"yoast-schema-graph\">{\"@context\":\"https:\/\/schema.org\",\"@graph\":[{\"@type\":\"WebPage\",\"@id\":\"https:\/\/bolschare.com\/pt-pt\/declaracao-de-principios-empresariais\/\",\"url\":\"https:\/\/bolschare.com\/pt-pt\/declaracao-de-principios-empresariais\/\",\"name\":\"Declara\u00e7\u00e3o de princ\u00edpios empresariais - Bolschare Agriculture\",\"isPartOf\":{\"@id\":\"https:\/\/bolschare.com\/es\/#website\"},\"datePublished\":\"2024-04-18T10:01:15+00:00\",\"breadcrumb\":{\"@id\":\"https:\/\/bolschare.com\/pt-pt\/declaracao-de-principios-empresariais\/#breadcrumb\"},\"inLanguage\":\"pt-PT\",\"potentialAction\":[{\"@type\":\"ReadAction\",\"target\":[\"https:\/\/bolschare.com\/pt-pt\/declaracao-de-principios-empresariais\/\"]}]},{\"@type\":\"BreadcrumbList\",\"@id\":\"https:\/\/bolschare.com\/pt-pt\/declaracao-de-principios-empresariais\/#breadcrumb\",\"itemListElement\":[{\"@type\":\"ListItem\",\"position\":1,\"name\":\"Portada\",\"item\":\"https:\/\/bolschare.com\/pt-pt\/\"},{\"@type\":\"ListItem\",\"position\":2,\"name\":\"Declara\u00e7\u00e3o de princ\u00edpios empresariais\"}]},{\"@type\":\"WebSite\",\"@id\":\"https:\/\/bolschare.com\/es\/#website\",\"url\":\"https:\/\/bolschare.com\/es\/\",\"name\":\"Bolschare Agriculture\",\"description\":\"\",\"publisher\":{\"@id\":\"https:\/\/bolschare.com\/es\/#organization\"},\"potentialAction\":[{\"@type\":\"SearchAction\",\"target\":{\"@type\":\"EntryPoint\",\"urlTemplate\":\"https:\/\/bolschare.com\/es\/?s={search_term_string}\"},\"query-input\":{\"@type\":\"PropertyValueSpecification\",\"valueRequired\":true,\"valueName\":\"search_term_string\"}}],\"inLanguage\":\"pt-PT\"},{\"@type\":\"Organization\",\"@id\":\"https:\/\/bolschare.com\/es\/#organization\",\"name\":\"Bolschare Agriculture\",\"url\":\"https:\/\/bolschare.com\/es\/\",\"logo\":{\"@type\":\"ImageObject\",\"inLanguage\":\"pt-PT\",\"@id\":\"https:\/\/bolschare.com\/es\/#\/schema\/logo\/image\/\",\"url\":\"https:\/\/bolschare.com\/wp-content\/uploads\/2024\/04\/logo_sin_titulo.svg\",\"contentUrl\":\"https:\/\/bolschare.com\/wp-content\/uploads\/2024\/04\/logo_sin_titulo.svg\",\"caption\":\"Bolschare Agriculture\"},\"image\":{\"@id\":\"https:\/\/bolschare.com\/es\/#\/schema\/logo\/image\/\"}}]}<\/script>\n<!-- \/ Yoast SEO plugin. -->","yoast_head_json":{"title":"Declara\u00e7\u00e3o de princ\u00edpios empresariais - Bolschare Agriculture","robots":{"index":"index","follow":"follow","max-snippet":"max-snippet:-1","max-image-preview":"max-image-preview:large","max-video-preview":"max-video-preview:-1"},"canonical":"https:\/\/bolschare.com\/pt-pt\/declaracao-de-principios-empresariais\/","og_locale":"pt_PT","og_type":"article","og_title":"Declara\u00e7\u00e3o de princ\u00edpios empresariais - Bolschare Agriculture","og_url":"https:\/\/bolschare.com\/pt-pt\/declaracao-de-principios-empresariais\/","og_site_name":"Bolschare Agriculture","twitter_card":"summary_large_image","schema":{"@context":"https:\/\/schema.org","@graph":[{"@type":"WebPage","@id":"https:\/\/bolschare.com\/pt-pt\/declaracao-de-principios-empresariais\/","url":"https:\/\/bolschare.com\/pt-pt\/declaracao-de-principios-empresariais\/","name":"Declara\u00e7\u00e3o de princ\u00edpios empresariais - Bolschare Agriculture","isPartOf":{"@id":"https:\/\/bolschare.com\/es\/#website"},"datePublished":"2024-04-18T10:01:15+00:00","breadcrumb":{"@id":"https:\/\/bolschare.com\/pt-pt\/declaracao-de-principios-empresariais\/#breadcrumb"},"inLanguage":"pt-PT","potentialAction":[{"@type":"ReadAction","target":["https:\/\/bolschare.com\/pt-pt\/declaracao-de-principios-empresariais\/"]}]},{"@type":"BreadcrumbList","@id":"https:\/\/bolschare.com\/pt-pt\/declaracao-de-principios-empresariais\/#breadcrumb","itemListElement":[{"@type":"ListItem","position":1,"name":"Portada","item":"https:\/\/bolschare.com\/pt-pt\/"},{"@type":"ListItem","position":2,"name":"Declara\u00e7\u00e3o de princ\u00edpios empresariais"}]},{"@type":"WebSite","@id":"https:\/\/bolschare.com\/es\/#website","url":"https:\/\/bolschare.com\/es\/","name":"Bolschare Agriculture","description":"","publisher":{"@id":"https:\/\/bolschare.com\/es\/#organization"},"potentialAction":[{"@type":"SearchAction","target":{"@type":"EntryPoint","urlTemplate":"https:\/\/bolschare.com\/es\/?s={search_term_string}"},"query-input":{"@type":"PropertyValueSpecification","valueRequired":true,"valueName":"search_term_string"}}],"inLanguage":"pt-PT"},{"@type":"Organization","@id":"https:\/\/bolschare.com\/es\/#organization","name":"Bolschare Agriculture","url":"https:\/\/bolschare.com\/es\/","logo":{"@type":"ImageObject","inLanguage":"pt-PT","@id":"https:\/\/bolschare.com\/es\/#\/schema\/logo\/image\/","url":"https:\/\/bolschare.com\/wp-content\/uploads\/2024\/04\/logo_sin_titulo.svg","contentUrl":"https:\/\/bolschare.com\/wp-content\/uploads\/2024\/04\/logo_sin_titulo.svg","caption":"Bolschare Agriculture"},"image":{"@id":"https:\/\/bolschare.com\/es\/#\/schema\/logo\/image\/"}}]}},"_links":{"self":[{"href":"https:\/\/bolschare.com\/pt-pt\/wp-json\/wp\/v2\/pages\/3199","targetHints":{"allow":["GET"]}}],"collection":[{"href":"https:\/\/bolschare.com\/pt-pt\/wp-json\/wp\/v2\/pages"}],"about":[{"href":"https:\/\/bolschare.com\/pt-pt\/wp-json\/wp\/v2\/types\/page"}],"author":[{"embeddable":true,"href":"https:\/\/bolschare.com\/pt-pt\/wp-json\/wp\/v2\/users\/3"}],"replies":[{"embeddable":true,"href":"https:\/\/bolschare.com\/pt-pt\/wp-json\/wp\/v2\/comments?post=3199"}],"version-history":[{"count":0,"href":"https:\/\/bolschare.com\/pt-pt\/wp-json\/wp\/v2\/pages\/3199\/revisions"}],"wp:attachment":[{"href":"https:\/\/bolschare.com\/pt-pt\/wp-json\/wp\/v2\/media?parent=3199"}],"curies":[{"name":"wp","href":"https:\/\/api.w.org\/{rel}","templated":true}]}}