{"id":3092,"date":"2024-06-12T08:58:57","date_gmt":"2024-06-12T08:58:57","guid":{"rendered":"https:\/\/bolschare.com\/?page_id=3092"},"modified":"2025-07-28T09:00:17","modified_gmt":"2025-07-28T09:00:17","slug":"flora","status":"publish","type":"page","link":"https:\/\/bolschare.com\/es\/flora\/","title":{"rendered":"Flora"},"content":{"rendered":"\t\t<div data-elementor-type=\"wp-page\" data-elementor-id=\"3092\" class=\"elementor elementor-3092\" data-elementor-post-type=\"page\">\n\t\t\t\t<section class=\"elementor-element elementor-element-a827919 e-con-full e-flex e-con e-parent\" data-id=\"a827919\" data-element_type=\"container\" data-settings=\"{&quot;background_background&quot;:&quot;classic&quot;,&quot;background_motion_fx_motion_fx_scrolling&quot;:&quot;yes&quot;,&quot;background_motion_fx_translateY_effect&quot;:&quot;yes&quot;,&quot;background_motion_fx_translateY_speed&quot;:{&quot;unit&quot;:&quot;px&quot;,&quot;size&quot;:4,&quot;sizes&quot;:[]},&quot;background_motion_fx_translateY_affectedRange&quot;:{&quot;unit&quot;:&quot;%&quot;,&quot;size&quot;:&quot;&quot;,&quot;sizes&quot;:{&quot;start&quot;:0,&quot;end&quot;:100}},&quot;background_motion_fx_devices&quot;:[&quot;widescreen&quot;,&quot;desktop&quot;,&quot;laptop&quot;,&quot;tablet_extra&quot;,&quot;tablet&quot;,&quot;mobile_extra&quot;,&quot;mobile&quot;]}\">\n\t\t<div class=\"elementor-element elementor-element-a43609b e-con-full e-flex e-con e-child\" data-id=\"a43609b\" data-element_type=\"container\">\n\t\t\t\t<div class=\"elementor-element elementor-element-b0daf77 elementor-widget-laptop__width-inherit elementor-invisible elementor-widget elementor-widget-heading\" data-id=\"b0daf77\" data-element_type=\"widget\" data-settings=\"{&quot;_animation&quot;:&quot;fadeIn&quot;,&quot;_animation_delay&quot;:200}\" data-widget_type=\"heading.default\">\n\t\t\t\t<div class=\"elementor-widget-container\">\n\t\t\t\t\t<h1 class=\"elementor-heading-title elementor-size-default\">Flora<\/h1>\t\t\t\t<\/div>\n\t\t\t\t<\/div>\n\t\t\t\t<\/div>\n\t\t\t\t<\/section>\n\t\t<div class=\"elementor-element elementor-element-111029e e-flex e-con-boxed e-con e-parent\" data-id=\"111029e\" data-element_type=\"container\">\n\t\t\t\t\t<div class=\"e-con-inner\">\n\t\t<div class=\"elementor-element elementor-element-5153d51 e-con-full e-flex e-con e-child\" data-id=\"5153d51\" data-element_type=\"container\">\n\t\t\t\t<div class=\"elementor-element elementor-element-41a8570 elementor-widget__width-inherit elementor-invisible elementor-widget elementor-widget-heading\" data-id=\"41a8570\" data-element_type=\"widget\" data-settings=\"{&quot;_animation&quot;:&quot;fadeInUp&quot;,&quot;_animation_delay&quot;:250}\" data-widget_type=\"heading.default\">\n\t\t\t\t<div class=\"elementor-widget-container\">\n\t\t\t\t\t<h3 class=\"elementor-heading-title elementor-size-default\">PLANTAS Y VEGETACI\u00d3N<\/h3>\t\t\t\t<\/div>\n\t\t\t\t<\/div>\n\t\t<a class=\"elementor-element elementor-element-fe26712 e-con-full acceso-cultivos e-flex elementor-invisible e-con e-child\" data-id=\"fe26712\" data-element_type=\"container\" data-settings=\"{&quot;animation&quot;:&quot;fadeInUp&quot;,&quot;animation_delay&quot;:250}\" href=\"https:\/\/bolschare.com\/es\/romero\/\">\n\t\t\t\t<div class=\"elementor-element elementor-element-7be1842 popup-resource elementor-widget elementor-widget-image\" data-id=\"7be1842\" data-element_type=\"widget\" data-resource=\"1742\" data-widget_type=\"image.default\">\n\t\t\t\t<div class=\"elementor-widget-container\">\n\t\t\t\t\t\t\t\t\t\t\t\t\t\t\t<img fetchpriority=\"high\" decoding=\"async\" width=\"250\" height=\"250\" src=\"https:\/\/bolschare.com\/wp-content\/uploads\/2024\/04\/rosmarinus-officinalis.jpg\" class=\"attachment-full size-full wp-image-1377\" alt=\"\" srcset=\"https:\/\/bolschare.com\/wp-content\/uploads\/2024\/04\/rosmarinus-officinalis.jpg 250w, https:\/\/bolschare.com\/wp-content\/uploads\/2024\/04\/rosmarinus-officinalis-150x150.jpg 150w\" sizes=\"(max-width: 250px) 100vw, 250px\" \/>\t\t\t\t\t\t\t\t\t\t\t\t\t\t\t<\/div>\n\t\t\t\t<\/div>\n\t\t\t\t<div class=\"elementor-element elementor-element-f3d7bee popup-resource elementor-widget elementor-widget-heading\" data-id=\"f3d7bee\" data-element_type=\"widget\" data-resource=\"1742\" data-widget_type=\"heading.default\">\n\t\t\t\t<div class=\"elementor-widget-container\">\n\t\t\t\t\t<h4 class=\"elementor-heading-title elementor-size-default\">Rosmarinus Officinalis<\/h4>\t\t\t\t<\/div>\n\t\t\t\t<\/div>\n\t\t\t\t<\/a>\n\t\t<a class=\"elementor-element elementor-element-daa685e e-con-full acceso-cultivos e-flex elementor-invisible e-con e-child\" data-id=\"daa685e\" data-element_type=\"container\" data-settings=\"{&quot;animation&quot;:&quot;fadeInUp&quot;,&quot;animation_delay&quot;:350}\" href=\"https:\/\/bolschare.com\/es\/encina\/\">\n\t\t\t\t<div class=\"elementor-element elementor-element-6dde167 popup-resource elementor-widget elementor-widget-image\" data-id=\"6dde167\" data-element_type=\"widget\" data-resource=\"1710\" data-widget_type=\"image.default\">\n\t\t\t\t<div class=\"elementor-widget-container\">\n\t\t\t\t\t\t\t\t\t\t\t\t\t\t\t<img decoding=\"async\" width=\"250\" height=\"250\" data-src=\"https:\/\/bolschare.com\/wp-content\/uploads\/2024\/04\/quercus-ilex-1.jpg\" class=\"attachment-full size-full wp-image-1374 lazyload\" alt=\"\" data-srcset=\"https:\/\/bolschare.com\/wp-content\/uploads\/2024\/04\/quercus-ilex-1.jpg 250w, https:\/\/bolschare.com\/wp-content\/uploads\/2024\/04\/quercus-ilex-1-150x150.jpg 150w\" data-sizes=\"(max-width: 250px) 100vw, 250px\" src=\"data:image\/svg+xml;base64,PHN2ZyB3aWR0aD0iMSIgaGVpZ2h0PSIxIiB4bWxucz0iaHR0cDovL3d3dy53My5vcmcvMjAwMC9zdmciPjwvc3ZnPg==\" style=\"--smush-placeholder-width: 250px; --smush-placeholder-aspect-ratio: 250\/250;\" \/>\t\t\t\t\t\t\t\t\t\t\t\t\t\t\t<\/div>\n\t\t\t\t<\/div>\n\t\t\t\t<div class=\"elementor-element elementor-element-224808e popup-resource elementor-widget elementor-widget-heading\" data-id=\"224808e\" data-element_type=\"widget\" data-resource=\"1710\" data-widget_type=\"heading.default\">\n\t\t\t\t<div class=\"elementor-widget-container\">\n\t\t\t\t\t<h4 class=\"elementor-heading-title elementor-size-default\">Quercus Ilex<\/h4>\t\t\t\t<\/div>\n\t\t\t\t<\/div>\n\t\t\t\t<\/a>\n\t\t<a class=\"elementor-element elementor-element-02c67a7 e-con-full acceso-cultivos e-flex elementor-invisible e-con e-child\" data-id=\"02c67a7\" data-element_type=\"container\" data-settings=\"{&quot;animation&quot;:&quot;fadeInUp&quot;,&quot;animation_delay&quot;:450}\" href=\"https:\/\/bolschare.com\/es\/olivo\/\">\n\t\t\t\t<div class=\"elementor-element elementor-element-3aa4e05 popup-resource elementor-widget elementor-widget-image\" data-id=\"3aa4e05\" data-element_type=\"widget\" data-resource=\"1718\" data-widget_type=\"image.default\">\n\t\t\t\t<div class=\"elementor-widget-container\">\n\t\t\t\t\t\t\t\t\t\t\t\t\t\t\t<img decoding=\"async\" width=\"250\" height=\"250\" data-src=\"https:\/\/bolschare.com\/wp-content\/uploads\/2024\/04\/olea-europaea.jpg\" class=\"attachment-full size-full wp-image-1365 lazyload\" alt=\"\" data-srcset=\"https:\/\/bolschare.com\/wp-content\/uploads\/2024\/04\/olea-europaea.jpg 250w, https:\/\/bolschare.com\/wp-content\/uploads\/2024\/04\/olea-europaea-150x150.jpg 150w\" data-sizes=\"(max-width: 250px) 100vw, 250px\" src=\"data:image\/svg+xml;base64,PHN2ZyB3aWR0aD0iMSIgaGVpZ2h0PSIxIiB4bWxucz0iaHR0cDovL3d3dy53My5vcmcvMjAwMC9zdmciPjwvc3ZnPg==\" style=\"--smush-placeholder-width: 250px; --smush-placeholder-aspect-ratio: 250\/250;\" \/>\t\t\t\t\t\t\t\t\t\t\t\t\t\t\t<\/div>\n\t\t\t\t<\/div>\n\t\t\t\t<div class=\"elementor-element elementor-element-c97329e popup-resource elementor-widget elementor-widget-heading\" data-id=\"c97329e\" data-element_type=\"widget\" data-resource=\"1718\" data-widget_type=\"heading.default\">\n\t\t\t\t<div class=\"elementor-widget-container\">\n\t\t\t\t\t<h4 class=\"elementor-heading-title elementor-size-default\">Olea Europaea<\/h4>\t\t\t\t<\/div>\n\t\t\t\t<\/div>\n\t\t\t\t<\/a>\n\t\t<a class=\"elementor-element elementor-element-655be85 e-con-full acceso-cultivos e-flex elementor-invisible e-con e-child\" data-id=\"655be85\" data-element_type=\"container\" data-settings=\"{&quot;animation&quot;:&quot;fadeInUp&quot;,&quot;animation_delay&quot;:550}\" href=\"https:\/\/bolschare.com\/es\/almendro\/\">\n\t\t\t\t<div class=\"elementor-element elementor-element-c41b7a4 popup-resource elementor-widget elementor-widget-image\" data-id=\"c41b7a4\" data-element_type=\"widget\" data-resource=\"1726\" data-widget_type=\"image.default\">\n\t\t\t\t<div class=\"elementor-widget-container\">\n\t\t\t\t\t\t\t\t\t\t\t\t\t\t\t<img decoding=\"async\" width=\"250\" height=\"250\" data-src=\"https:\/\/bolschare.com\/wp-content\/uploads\/2024\/04\/prunus-dulcis.jpg\" class=\"attachment-full size-full wp-image-1368 lazyload\" alt=\"\" data-srcset=\"https:\/\/bolschare.com\/wp-content\/uploads\/2024\/04\/prunus-dulcis.jpg 250w, https:\/\/bolschare.com\/wp-content\/uploads\/2024\/04\/prunus-dulcis-150x150.jpg 150w\" data-sizes=\"(max-width: 250px) 100vw, 250px\" src=\"data:image\/svg+xml;base64,PHN2ZyB3aWR0aD0iMSIgaGVpZ2h0PSIxIiB4bWxucz0iaHR0cDovL3d3dy53My5vcmcvMjAwMC9zdmciPjwvc3ZnPg==\" style=\"--smush-placeholder-width: 250px; --smush-placeholder-aspect-ratio: 250\/250;\" \/>\t\t\t\t\t\t\t\t\t\t\t\t\t\t\t<\/div>\n\t\t\t\t<\/div>\n\t\t\t\t<div class=\"elementor-element elementor-element-1ad60f7 popup-resource elementor-widget elementor-widget-heading\" data-id=\"1ad60f7\" data-element_type=\"widget\" data-resource=\"1726\" data-widget_type=\"heading.default\">\n\t\t\t\t<div class=\"elementor-widget-container\">\n\t\t\t\t\t<h4 class=\"elementor-heading-title elementor-size-default\">Prunus Dulcis<\/h4>\t\t\t\t<\/div>\n\t\t\t\t<\/div>\n\t\t\t\t<\/a>\n\t\t<a class=\"elementor-element elementor-element-bca024c e-con-full acceso-cultivos e-flex elementor-invisible e-con e-child\" data-id=\"bca024c\" data-element_type=\"container\" data-settings=\"{&quot;animation&quot;:&quot;fadeInUp&quot;,&quot;animation_delay&quot;:650}\" href=\"https:\/\/bolschare.com\/es\/lavanda\/\">\n\t\t\t\t<div class=\"elementor-element elementor-element-c0c25c1 popup-resource elementor-widget elementor-widget-image\" data-id=\"c0c25c1\" data-element_type=\"widget\" data-resource=\"1734\" data-widget_type=\"image.default\">\n\t\t\t\t<div class=\"elementor-widget-container\">\n\t\t\t\t\t\t\t\t\t\t\t\t\t\t\t<img decoding=\"async\" width=\"250\" height=\"250\" data-src=\"https:\/\/bolschare.com\/wp-content\/uploads\/2024\/04\/lavandula-angustifolia.jpg\" class=\"attachment-full size-full wp-image-1371 lazyload\" alt=\"\" data-srcset=\"https:\/\/bolschare.com\/wp-content\/uploads\/2024\/04\/lavandula-angustifolia.jpg 250w, https:\/\/bolschare.com\/wp-content\/uploads\/2024\/04\/lavandula-angustifolia-150x150.jpg 150w\" data-sizes=\"(max-width: 250px) 100vw, 250px\" src=\"data:image\/svg+xml;base64,PHN2ZyB3aWR0aD0iMSIgaGVpZ2h0PSIxIiB4bWxucz0iaHR0cDovL3d3dy53My5vcmcvMjAwMC9zdmciPjwvc3ZnPg==\" style=\"--smush-placeholder-width: 250px; --smush-placeholder-aspect-ratio: 250\/250;\" \/>\t\t\t\t\t\t\t\t\t\t\t\t\t\t\t<\/div>\n\t\t\t\t<\/div>\n\t\t\t\t<div class=\"elementor-element elementor-element-d53a0b5 popup-resource elementor-widget elementor-widget-heading\" data-id=\"d53a0b5\" data-element_type=\"widget\" data-resource=\"1734\" data-widget_type=\"heading.default\">\n\t\t\t\t<div class=\"elementor-widget-container\">\n\t\t\t\t\t<h4 class=\"elementor-heading-title elementor-size-default\">Lavandula Angustifolia<\/h4>\t\t\t\t<\/div>\n\t\t\t\t<\/div>\n\t\t\t\t<\/a>\n\t\t\t\t<\/div>\n\t\t\t\t\t<\/div>\n\t\t\t\t<\/div>\n\t\t<div class=\"elementor-element elementor-element-576426c e-flex e-con-boxed e-con e-parent\" data-id=\"576426c\" data-element_type=\"container\" id=\"popup-agriculture\">\n\t\t\t\t\t<div class=\"e-con-inner\">\n\t\t\t\t<div class=\"elementor-element elementor-element-4af2603 elementor-align-right elementor-widget elementor-widget-button\" data-id=\"4af2603\" data-element_type=\"widget\" id=\"popup-agriculture-button\" data-widget_type=\"button.default\">\n\t\t\t\t<div class=\"elementor-widget-container\">\n\t\t\t\t\t\t\t\t\t<div class=\"elementor-button-wrapper\">\n\t\t\t\t\t<a class=\"elementor-button elementor-button-link elementor-size-sm\" href=\"#\">\n\t\t\t\t\t\t<span class=\"elementor-button-content-wrapper\">\n\t\t\t\t\t\t\t\t\t<span class=\"elementor-button-text\">Cerrar<\/span>\n\t\t\t\t\t<\/span>\n\t\t\t\t\t<\/a>\n\t\t\t\t<\/div>\n\t\t\t\t\t\t\t\t<\/div>\n\t\t\t\t<\/div>\n\t\t<div class=\"elementor-element elementor-element-bcd4274 e-con-full e-flex e-con e-child\" data-id=\"bcd4274\" data-element_type=\"container\">\n\t\t\t\t<div class=\"elementor-element elementor-element-ed90643 elementor-widget elementor-widget-image\" data-id=\"ed90643\" data-element_type=\"widget\" id=\"popup-agriculture-image\" data-widget_type=\"image.default\">\n\t\t\t\t<div class=\"elementor-widget-container\">\n\t\t\t\t\t\t\t\t\t\t\t\t\t\t\t<img decoding=\"async\" data-src=\"https:\/\/bolschare.com\/wp-content\/plugins\/elementor\/assets\/images\/placeholder.png\" title=\"\" alt=\"\" src=\"data:image\/svg+xml;base64,PHN2ZyB3aWR0aD0iMSIgaGVpZ2h0PSIxIiB4bWxucz0iaHR0cDovL3d3dy53My5vcmcvMjAwMC9zdmciPjwvc3ZnPg==\" class=\"lazyload\" style=\"--smush-placeholder-width: 1200px; --smush-placeholder-aspect-ratio: 1200\/800;\" \/>\t\t\t\t\t\t\t\t\t\t\t\t\t\t\t<\/div>\n\t\t\t\t<\/div>\n\t\t\t\t<div class=\"elementor-element elementor-element-ff072b5 elementor-widget elementor-widget-heading\" data-id=\"ff072b5\" data-element_type=\"widget\" id=\"popup-agriculture-title\" data-widget_type=\"heading.default\">\n\t\t\t\t<div class=\"elementor-widget-container\">\n\t\t\t\t\t<h2 class=\"elementor-heading-title elementor-size-default\">A\u00f1ade aqu\u00ed tu texto de cabecera<\/h2>\t\t\t\t<\/div>\n\t\t\t\t<\/div>\n\t\t\t\t<div class=\"elementor-element elementor-element-3949bc5 elementor-widget elementor-widget-text-editor\" data-id=\"3949bc5\" data-element_type=\"widget\" id=\"popup-agriculture-text\" data-widget_type=\"text-editor.default\">\n\t\t\t\t<div class=\"elementor-widget-container\">\n\t\t\t\t\t\t\t\t\t<p>Lorem ipsum dolor sit amet, consectetur adipiscing elit. Ut elit tellus, luctus nec ullamcorper mattis, pulvinar dapibus leo.<\/p>\t\t\t\t\t\t\t\t<\/div>\n\t\t\t\t<\/div>\n\t\t\t\t<\/div>\n\t\t\t\t\t<\/div>\n\t\t\t\t<\/div>\n\t\t\t\t<\/div>\n\t\t","protected":false},"excerpt":{"rendered":"<p>PLANTAS Y VEGETACI\u00d3N Rosmarinus Officinalis Quercus Ilex Olea Europaea Prunus Dulcis Lavandula Angustifolia Cerrar A\u00f1ade aqu\u00ed tu texto de cabecera Lorem ipsum dolor sit amet, consectetur adipiscing elit. Ut elit tellus, luctus nec ullamcorper mattis, pulvinar dapibus leo.<\/p>\n","protected":false},"author":3,"featured_media":0,"parent":0,"menu_order":0,"comment_status":"closed","ping_status":"closed","template":"","meta":{"footnotes":""},"class_list":["post-3092","page","type-page","status-publish","hentry"],"yoast_head":"<!-- This site is optimized with the Yoast SEO plugin v26.6 - https:\/\/yoast.com\/wordpress\/plugins\/seo\/ -->\n<title>Flora - Bolschare Agriculture<\/title>\n<meta name=\"robots\" content=\"index, follow, max-snippet:-1, max-image-preview:large, max-video-preview:-1\" \/>\n<link rel=\"canonical\" href=\"https:\/\/bolschare.com\/es\/flora\/\" \/>\n<meta property=\"og:locale\" content=\"es_ES\" \/>\n<meta property=\"og:type\" content=\"article\" \/>\n<meta property=\"og:title\" content=\"Flora - Bolschare Agriculture\" \/>\n<meta property=\"og:description\" content=\"PLANTAS Y VEGETACI\u00d3N Rosmarinus Officinalis Quercus Ilex Olea Europaea Prunus Dulcis Lavandula Angustifolia Cerrar A\u00f1ade aqu\u00ed tu texto de cabecera Lorem ipsum dolor sit amet, consectetur adipiscing elit. Ut elit tellus, luctus nec ullamcorper mattis, pulvinar dapibus leo.\" \/>\n<meta property=\"og:url\" content=\"https:\/\/bolschare.com\/es\/flora\/\" \/>\n<meta property=\"og:site_name\" content=\"Bolschare Agriculture\" \/>\n<meta property=\"article:modified_time\" content=\"2025-07-28T09:00:17+00:00\" \/>\n<meta property=\"og:image\" content=\"https:\/\/bolschare.com\/wp-content\/uploads\/2024\/04\/rosmarinus-officinalis.jpg\" \/>\n<meta name=\"twitter:card\" content=\"summary_large_image\" \/>\n<meta name=\"twitter:label1\" content=\"Tiempo de lectura\" \/>\n\t<meta name=\"twitter:data1\" content=\"2 minutos\" \/>\n<script type=\"application\/ld+json\" class=\"yoast-schema-graph\">{\"@context\":\"https:\/\/schema.org\",\"@graph\":[{\"@type\":\"WebPage\",\"@id\":\"https:\/\/bolschare.com\/es\/flora\/\",\"url\":\"https:\/\/bolschare.com\/es\/flora\/\",\"name\":\"Flora - Bolschare Agriculture\",\"isPartOf\":{\"@id\":\"https:\/\/bolschare.com\/es\/#website\"},\"primaryImageOfPage\":{\"@id\":\"https:\/\/bolschare.com\/es\/flora\/#primaryimage\"},\"image\":{\"@id\":\"https:\/\/bolschare.com\/es\/flora\/#primaryimage\"},\"thumbnailUrl\":\"https:\/\/bolschare.com\/wp-content\/uploads\/2024\/04\/rosmarinus-officinalis.jpg\",\"datePublished\":\"2024-06-12T08:58:57+00:00\",\"dateModified\":\"2025-07-28T09:00:17+00:00\",\"breadcrumb\":{\"@id\":\"https:\/\/bolschare.com\/es\/flora\/#breadcrumb\"},\"inLanguage\":\"es\",\"potentialAction\":[{\"@type\":\"ReadAction\",\"target\":[\"https:\/\/bolschare.com\/es\/flora\/\"]}]},{\"@type\":\"ImageObject\",\"inLanguage\":\"es\",\"@id\":\"https:\/\/bolschare.com\/es\/flora\/#primaryimage\",\"url\":\"https:\/\/bolschare.com\/wp-content\/uploads\/2024\/04\/rosmarinus-officinalis.jpg\",\"contentUrl\":\"https:\/\/bolschare.com\/wp-content\/uploads\/2024\/04\/rosmarinus-officinalis.jpg\"},{\"@type\":\"BreadcrumbList\",\"@id\":\"https:\/\/bolschare.com\/es\/flora\/#breadcrumb\",\"itemListElement\":[{\"@type\":\"ListItem\",\"position\":1,\"name\":\"Portada\",\"item\":\"https:\/\/bolschare.com\/es\/\"},{\"@type\":\"ListItem\",\"position\":2,\"name\":\"Flora\"}]},{\"@type\":\"WebSite\",\"@id\":\"https:\/\/bolschare.com\/es\/#website\",\"url\":\"https:\/\/bolschare.com\/es\/\",\"name\":\"Bolschare Agriculture\",\"description\":\"\",\"publisher\":{\"@id\":\"https:\/\/bolschare.com\/es\/#organization\"},\"potentialAction\":[{\"@type\":\"SearchAction\",\"target\":{\"@type\":\"EntryPoint\",\"urlTemplate\":\"https:\/\/bolschare.com\/es\/?s={search_term_string}\"},\"query-input\":{\"@type\":\"PropertyValueSpecification\",\"valueRequired\":true,\"valueName\":\"search_term_string\"}}],\"inLanguage\":\"es\"},{\"@type\":\"Organization\",\"@id\":\"https:\/\/bolschare.com\/es\/#organization\",\"name\":\"Bolschare Agriculture\",\"url\":\"https:\/\/bolschare.com\/es\/\",\"logo\":{\"@type\":\"ImageObject\",\"inLanguage\":\"es\",\"@id\":\"https:\/\/bolschare.com\/es\/#\/schema\/logo\/image\/\",\"url\":\"https:\/\/bolschare.com\/wp-content\/uploads\/2024\/04\/logo_sin_titulo.svg\",\"contentUrl\":\"https:\/\/bolschare.com\/wp-content\/uploads\/2024\/04\/logo_sin_titulo.svg\",\"width\":359,\"height\":439,\"caption\":\"Bolschare Agriculture\"},\"image\":{\"@id\":\"https:\/\/bolschare.com\/es\/#\/schema\/logo\/image\/\"}}]}<\/script>\n<!-- \/ Yoast SEO plugin. -->","yoast_head_json":{"title":"Flora - Bolschare Agriculture","robots":{"index":"index","follow":"follow","max-snippet":"max-snippet:-1","max-image-preview":"max-image-preview:large","max-video-preview":"max-video-preview:-1"},"canonical":"https:\/\/bolschare.com\/es\/flora\/","og_locale":"es_ES","og_type":"article","og_title":"Flora - Bolschare Agriculture","og_description":"PLANTAS Y VEGETACI\u00d3N Rosmarinus Officinalis Quercus Ilex Olea Europaea Prunus Dulcis Lavandula Angustifolia Cerrar A\u00f1ade aqu\u00ed tu texto de cabecera Lorem ipsum dolor sit amet, consectetur adipiscing elit. Ut elit tellus, luctus nec ullamcorper mattis, pulvinar dapibus leo.","og_url":"https:\/\/bolschare.com\/es\/flora\/","og_site_name":"Bolschare Agriculture","article_modified_time":"2025-07-28T09:00:17+00:00","og_image":[{"url":"https:\/\/bolschare.com\/wp-content\/uploads\/2024\/04\/rosmarinus-officinalis.jpg","type":"","width":"","height":""}],"twitter_card":"summary_large_image","twitter_misc":{"Tiempo de lectura":"2 minutos"},"schema":{"@context":"https:\/\/schema.org","@graph":[{"@type":"WebPage","@id":"https:\/\/bolschare.com\/es\/flora\/","url":"https:\/\/bolschare.com\/es\/flora\/","name":"Flora - Bolschare Agriculture","isPartOf":{"@id":"https:\/\/bolschare.com\/es\/#website"},"primaryImageOfPage":{"@id":"https:\/\/bolschare.com\/es\/flora\/#primaryimage"},"image":{"@id":"https:\/\/bolschare.com\/es\/flora\/#primaryimage"},"thumbnailUrl":"https:\/\/bolschare.com\/wp-content\/uploads\/2024\/04\/rosmarinus-officinalis.jpg","datePublished":"2024-06-12T08:58:57+00:00","dateModified":"2025-07-28T09:00:17+00:00","breadcrumb":{"@id":"https:\/\/bolschare.com\/es\/flora\/#breadcrumb"},"inLanguage":"es","potentialAction":[{"@type":"ReadAction","target":["https:\/\/bolschare.com\/es\/flora\/"]}]},{"@type":"ImageObject","inLanguage":"es","@id":"https:\/\/bolschare.com\/es\/flora\/#primaryimage","url":"https:\/\/bolschare.com\/wp-content\/uploads\/2024\/04\/rosmarinus-officinalis.jpg","contentUrl":"https:\/\/bolschare.com\/wp-content\/uploads\/2024\/04\/rosmarinus-officinalis.jpg"},{"@type":"BreadcrumbList","@id":"https:\/\/bolschare.com\/es\/flora\/#breadcrumb","itemListElement":[{"@type":"ListItem","position":1,"name":"Portada","item":"https:\/\/bolschare.com\/es\/"},{"@type":"ListItem","position":2,"name":"Flora"}]},{"@type":"WebSite","@id":"https:\/\/bolschare.com\/es\/#website","url":"https:\/\/bolschare.com\/es\/","name":"Bolschare Agriculture","description":"","publisher":{"@id":"https:\/\/bolschare.com\/es\/#organization"},"potentialAction":[{"@type":"SearchAction","target":{"@type":"EntryPoint","urlTemplate":"https:\/\/bolschare.com\/es\/?s={search_term_string}"},"query-input":{"@type":"PropertyValueSpecification","valueRequired":true,"valueName":"search_term_string"}}],"inLanguage":"es"},{"@type":"Organization","@id":"https:\/\/bolschare.com\/es\/#organization","name":"Bolschare Agriculture","url":"https:\/\/bolschare.com\/es\/","logo":{"@type":"ImageObject","inLanguage":"es","@id":"https:\/\/bolschare.com\/es\/#\/schema\/logo\/image\/","url":"https:\/\/bolschare.com\/wp-content\/uploads\/2024\/04\/logo_sin_titulo.svg","contentUrl":"https:\/\/bolschare.com\/wp-content\/uploads\/2024\/04\/logo_sin_titulo.svg","width":359,"height":439,"caption":"Bolschare Agriculture"},"image":{"@id":"https:\/\/bolschare.com\/es\/#\/schema\/logo\/image\/"}}]}},"_links":{"self":[{"href":"https:\/\/bolschare.com\/es\/wp-json\/wp\/v2\/pages\/3092","targetHints":{"allow":["GET"]}}],"collection":[{"href":"https:\/\/bolschare.com\/es\/wp-json\/wp\/v2\/pages"}],"about":[{"href":"https:\/\/bolschare.com\/es\/wp-json\/wp\/v2\/types\/page"}],"author":[{"embeddable":true,"href":"https:\/\/bolschare.com\/es\/wp-json\/wp\/v2\/users\/3"}],"replies":[{"embeddable":true,"href":"https:\/\/bolschare.com\/es\/wp-json\/wp\/v2\/comments?post=3092"}],"version-history":[{"count":22,"href":"https:\/\/bolschare.com\/es\/wp-json\/wp\/v2\/pages\/3092\/revisions"}],"predecessor-version":[{"id":4374,"href":"https:\/\/bolschare.com\/es\/wp-json\/wp\/v2\/pages\/3092\/revisions\/4374"}],"wp:attachment":[{"href":"https:\/\/bolschare.com\/es\/wp-json\/wp\/v2\/media?parent=3092"}],"curies":[{"name":"wp","href":"https:\/\/api.w.org\/{rel}","templated":true}]}}